
{"id":2489,"date":"2025-03-27T15:54:43","date_gmt":"2025-03-27T21:54:43","guid":{"rendered":"https:\/\/cathykipp.com\/?page_id=2489"},"modified":"2025-04-01T13:31:33","modified_gmt":"2025-04-01T19:31:33","slug":"derechos-y-recursos-de-inmigracionespanol","status":"publish","type":"page","link":"https:\/\/cathykipp.com\/index.php\/derechos-y-recursos-de-inmigracionespanol\/","title":{"rendered":"Derechos y Recursos de Inmigraci\u00f3n(Espa\u0144ol)"},"content":{"rendered":"\n<h1 class=\"wp-block-heading\"><strong>Recursos y Informaci\u00f3n de Inmigraci\u00f3n<\/strong><\/h1>\n\n\n\n<p><strong>Pide Ayuda<\/strong>: Si ve o encuentra actividad de la migra, llame a la L\u00ednea Directa del Colorado Rapid Response Network (disponible 24\/7, en ingl\u00e9s y espa\u0144ol) para ayuda legal y apoyo de comunidad.<\/p>\n\n\n\n<h4 class=\"wp-block-heading\"><strong>La L\u00ednea Directa del Colorado Rapid Response Network:<\/strong><\/h4>\n\n\n\n<h4 class=\"wp-block-heading\"><strong><mark style=\"background-color:#fb7417\" class=\"has-inline-color\">1-844-864-8341<\/mark><\/strong><\/h4>\n\n\n\n<p>En lugar de compartir informaci\u00f3n no confirmada sobre la actividad de la inmigraci\u00f3n, le recomendamos que utilice a la L\u00ednea Directa del <a href=\"https:\/\/www.coloradorapidresponsenetwork.com\/es\">Colorado Rapid Response Network<\/a> para reportar cualquier actividad de migraci\u00f3n que puede ver en su comunidad. Presione el \u201c<strong>Haga clic para \u00faltimas noticias\u201d <\/strong>en la parte superior de la p\u00e1gina de CRRN para informes confirmados de actividad de inmigraci\u00f3n en Colorado.&nbsp;<\/p>\n\n\n\n<h2 class=\"wp-block-heading\"><strong>Conozca sus Derechos: Que Para Hacer Si Estas Acersado Por La Migra<\/strong><\/h2>\n\n\n\n<p>Si te enfrentes agentes de inmigraci\u00f3n o persones que afirman ser de inmigraci\u00f3n, es es\u00e9nciale saber tus derechos.<\/p>\n\n\n\n<p><strong>Mant\u00e9n la calma, no te asustes, recuerde los derechos que tienes<\/strong><\/p>\n\n\n\n<h3 class=\"wp-block-heading\"><strong>NO ABRA SU PUERTA SIN UNA ORDEN JUDICIAL<\/strong><\/h3>\n\n\n\n<ul class=\"wp-block-list\">\n<li>Si inmigraci\u00f3n se presenta a su puerta, pregunte si tienen una orden judicial <strong>antes <\/strong>de abrir\n<ul class=\"wp-block-list\">\n<li>Si inmigraci\u00f3n dice que tiene una orden judicial, pide que lo pasen por debajo de la puerta o lo demuestren por una ventana para poder examinarlo<\/li>\n<\/ul>\n<\/li>\n\n\n\n<li>Inmigraci\u00f3n y otras agentes del orden p\u00fablico <strong>no pueden <\/strong>entrar a su casa sin una <strong>orden judicial con la firma de un juez<\/strong>\n<ul class=\"wp-block-list\">\n<li>Es posible que la agentes intenten mostrarle una <strong>orden administrativo <\/strong>(un orden judicial emitido <strong>por<\/strong> inmigraci\u00f3n\/ICE <strong>sin la firma de un juez<\/strong>)<strong>, no necesita <\/strong>dejarlos entrar con este tipo de orden<\/li>\n<\/ul>\n<\/li>\n\n\n\n<li><a href=\"https:\/\/www.coloradorapidresponsenetwork.com\/es\/identifying-a-warrant\"><strong>\u201cComo Identificar un Orden Judicial\u201d<\/strong><\/a><strong> <\/strong>por Colorado Rapid Response Network\n<ul class=\"wp-block-list\">\n<li>Im\u00e1genes de los \u00f3rdenes judiciales, tipos de ordenes, y otra informaci\u00f3n para ayudarle identificar un orden judicial real<\/li>\n<\/ul>\n<\/li>\n<\/ul>\n\n\n\n<h3 class=\"wp-block-heading\"><strong>TIENE EL DERECHO A GUADAR SILENCIO<\/strong><\/h3>\n\n\n\n<p>La Quinta Enmienda de la Constituci\u00f3n de los Estados Unidos protege su derecho a guardar silencio<\/p>\n\n\n\n<ul class=\"wp-block-list\">\n<li><strong>No necesita <\/strong>responder preguntas sobre su estatus migratorio, su pa\u00eds de origen, como enterado a los Estados Unidos, etc\u00e9tera<\/li>\n\n\n\n<li>Usted puede responder a cualquier pregunta diciendo \u201c<strong>Estoy ejerciendo mi derecho a guardar silencio<\/strong>\u201d o, en ingles, \u201cI am exercising my right to remain silent\u201d<\/li>\n<\/ul>\n\n\n\n<h3 class=\"wp-block-heading\"><strong>TU TIENE EL DERECHO A ABOGADO<\/strong><\/h3>\n\n\n\n<ul class=\"wp-block-list\">\n<li>Tiene el derecho a representaci\u00f3n legal\n<ul class=\"wp-block-list\">\n<li>Si necesita un abogado, puede llamar a la l\u00ednea directa del Colorado Rapid Response Network <strong><mark style=\"background-color:#ff7100\" class=\"has-inline-color\">1-844-864-8341<\/mark><\/strong> para recibir ayuda legal<\/li>\n<\/ul>\n<\/li>\n\n\n\n<li><strong>ANTES <\/strong>de conseguir representaci\u00f3n legal, asegure que son miembros del American Immigration Lawyers Association\n<ul class=\"wp-block-list\">\n<li><a href=\"http:\/\/ailalawyer.com\">Busque miembros aqu\u00ed<\/a><\/li>\n<\/ul>\n<\/li>\n<\/ul>\n\n\n\n<h3 class=\"wp-block-heading\"><strong>NO FIRME SIN ASESOR\u00cdA LEGAL<\/strong><\/h3>\n\n\n\n<ul class=\"wp-block-list\">\n<li>Inmigraci\u00f3n puede intentar presionarle a firmar documentos que pueden perjudicarlo\/a en el proceso legal en el futuro<\/li>\n\n\n\n<li><strong>Tiene el derecho de hablar con un abogado<\/strong> <strong>antes<\/strong><strong> a firmar cualquier documento<\/strong><\/li>\n<\/ul>\n\n\n\n<h3 class=\"wp-block-heading\"><strong>NO NECESITO DAR SU CONSENTIMIENTO PARA UNA B\u00daSQU<\/strong>EDA<\/h3>\n\n\n\n<ul class=\"wp-block-list\">\n<li>Inmigraci\u00f3n no puede buscar en su persona, sus pertenencias, o su casa sin una orden judicial o su permiso<\/li>\n\n\n\n<li>Puede decir \u201c<strong>No doy mi consentimiento a un b\u00fasqueda<\/strong>\u201d o en \u00edngles \u201cI do not consent to a search\u201d\n<ul class=\"wp-block-list\">\n<li>Si inmigraci\u00f3n continua los intentos de b\u00fasqueda, repita y comunique claramente que no da su consentimiento y mant\u00e9n la calma<\/li>\n<\/ul>\n<\/li>\n<\/ul>\n\n\n\n<h3 class=\"wp-block-heading\"><strong>TENGA UN PLAN<\/strong><\/h3>\n\n\n\n<ul class=\"wp-block-list\">\n<li>Si usted o su familia corre el riesgo de ser detenido deben preparar un plan de, incluye conseguiendo un abogado, plan para el cuidado de los ni\u00f1os, y compilando de todos sus documentos relevantes.\n<ul class=\"wp-block-list\">\n<li><strong>Guarde copias de documentos importantes <\/strong>(ejemplos a continuaci\u00f3n) en un lugar seguro y con acceso f\u00e1cil<\/li>\n\n\n\n<li>Documentos importantes: las identificaciones, papeles de inmigracion, pasaportes, informaci\u00f3n de contacto de emergencia, documentaci\u00f3n m\u00e9dica, etc.<\/li>\n<\/ul>\n<\/li>\n<\/ul>\n","protected":false},"excerpt":{"rendered":"<p>Recursos y Informaci\u00f3n de Inmigraci\u00f3n Pide Ayuda: Si ve o encuentra actividad de la migra, llame a la L\u00ednea Directa del Colorado Rapid Response Network (disponible 24\/7, en ingl\u00e9s y espa\u0144ol) para ayuda legal y apoyo de comunidad. La L\u00ednea Directa del Colorado Rapid Response Network: 1-844-864-8341 En lugar de [&hellip;]<\/p>\n","protected":false},"author":1,"featured_media":0,"parent":0,"menu_order":0,"comment_status":"closed","ping_status":"closed","template":"","meta":{"footnotes":""},"class_list":["post-2489","page","type-page","status-publish","hentry"],"_links":{"self":[{"href":"https:\/\/cathykipp.com\/index.php\/wp-json\/wp\/v2\/pages\/2489","targetHints":{"allow":["GET"]}}],"collection":[{"href":"https:\/\/cathykipp.com\/index.php\/wp-json\/wp\/v2\/pages"}],"about":[{"href":"https:\/\/cathykipp.com\/index.php\/wp-json\/wp\/v2\/types\/page"}],"author":[{"embeddable":true,"href":"https:\/\/cathykipp.com\/index.php\/wp-json\/wp\/v2\/users\/1"}],"replies":[{"embeddable":true,"href":"https:\/\/cathykipp.com\/index.php\/wp-json\/wp\/v2\/comments?post=2489"}],"version-history":[{"count":5,"href":"https:\/\/cathykipp.com\/index.php\/wp-json\/wp\/v2\/pages\/2489\/revisions"}],"predecessor-version":[{"id":2505,"href":"https:\/\/cathykipp.com\/index.php\/wp-json\/wp\/v2\/pages\/2489\/revisions\/2505"}],"wp:attachment":[{"href":"https:\/\/cathykipp.com\/index.php\/wp-json\/wp\/v2\/media?parent=2489"}],"curies":[{"name":"wp","href":"https:\/\/api.w.org\/{rel}","templated":true}]}}